{"id":85,"date":"2025-07-16T20:45:58","date_gmt":"2025-07-16T20:45:58","guid":{"rendered":"https:\/\/elsantuariolosreyes.com\/?page_id=85"},"modified":"2025-09-03T23:10:43","modified_gmt":"2025-09-03T23:10:43","slug":"inicio","status":"publish","type":"page","link":"https:\/\/elsantuariolosreyes.com\/","title":{"rendered":"Inicio"},"content":{"rendered":"\t\t<div data-elementor-type=\"wp-page\" data-elementor-id=\"85\" class=\"elementor elementor-85\" data-elementor-post-type=\"page\">\n\t\t\t\t<div class=\"elementor-element elementor-element-4d42e09f e-con-full e-flex e-con e-parent\" data-id=\"4d42e09f\" data-element_type=\"container\" data-settings=\"{&quot;background_background&quot;:&quot;classic&quot;}\">\n\t\t<div class=\"elementor-element elementor-element-20e1a0a3 e-con-full e-flex e-con e-child\" data-id=\"20e1a0a3\" data-element_type=\"container\" data-settings=\"{&quot;background_background&quot;:&quot;classic&quot;}\">\n\t\t\t\t<div class=\"elementor-element elementor-element-2d8f4e26 elementor-widget elementor-widget-heading\" data-id=\"2d8f4e26\" data-element_type=\"widget\" data-widget_type=\"heading.default\">\n\t\t\t\t\t<h2 class=\"elementor-heading-title elementor-size-default\">\u00a1Vis\u00edtanos!<\/h2>\t\t\t\t<\/div>\n\t\t\t\t<div class=\"elementor-element elementor-element-2163ccde elementor-widget elementor-widget-heading\" data-id=\"2163ccde\" data-element_type=\"widget\" data-widget_type=\"heading.default\">\n\t\t\t\t\t<h2 class=\"elementor-heading-title elementor-size-default\">Centro Deportivo<br>y Cultural<br>El Santuario<\/h2>\t\t\t\t<\/div>\n\t\t\t\t<div class=\"elementor-element elementor-element-1b58520c elementor-widget elementor-widget-text-editor\" data-id=\"1b58520c\" data-element_type=\"widget\" data-widget_type=\"text-editor.default\">\n\t\t\t\t\t\t\t\t\t<p>Un Espacio para Florecer<\/p>\t\t\t\t\t\t\t\t<\/div>\n\t\t\t\t<div class=\"elementor-element elementor-element-155a28ea elementor-align-center elementor-widget elementor-widget-button\" data-id=\"155a28ea\" data-element_type=\"widget\" data-widget_type=\"button.default\">\n\t\t\t\t\t\t\t\t\t\t<a class=\"elementor-button elementor-button-link elementor-size-lg elementor-animation-grow\" href=\"https:\/\/elsantuariolosreyes.com\/index.php\/suscripciones\/\">\n\t\t\t\t\t\t<span class=\"elementor-button-content-wrapper\">\n\t\t\t\t\t\t\t\t\t<span class=\"elementor-button-text\">Suscripci\u00f3n ><\/span>\n\t\t\t\t\t<\/span>\n\t\t\t\t\t<\/a>\n\t\t\t\t\t\t\t\t<\/div>\n\t\t\t\t<\/div>\n\t\t\t\t<\/div>\n\t\t<div class=\"elementor-element elementor-element-5a077fed e-flex e-con-boxed e-con e-parent\" data-id=\"5a077fed\" data-element_type=\"container\" data-settings=\"{&quot;background_background&quot;:&quot;classic&quot;}\">\n\t\t\t\t\t<div class=\"e-con-inner\">\n\t\t<div class=\"elementor-element elementor-element-6ea80aae e-con-full e-flex e-con e-child\" data-id=\"6ea80aae\" data-element_type=\"container\">\n\t\t\t\t<div class=\"elementor-element elementor-element-2520a685 animated-slow elementor-invisible elementor-widget elementor-widget-heading\" data-id=\"2520a685\" data-element_type=\"widget\" data-settings=\"{&quot;_animation&quot;:&quot;slideInUp&quot;}\" data-widget_type=\"heading.default\">\n\t\t\t\t\t<h2 class=\"elementor-heading-title elementor-size-default\">El Santuario: Un Espacio para Florecer<\/h2>\t\t\t\t<\/div>\n\t\t\t\t<div class=\"elementor-element elementor-element-518c114d animated-slow elementor-invisible elementor-widget elementor-widget-heading\" data-id=\"518c114d\" data-element_type=\"widget\" data-settings=\"{&quot;_animation&quot;:&quot;slideInUp&quot;}\" data-widget_type=\"heading.default\">\n\t\t\t\t\t<h2 class=\"elementor-heading-title elementor-size-default\">\u00bfQu\u00e9 es El Santuario?<br>La Esencia de Nuestro Centro<\/h2>\t\t\t\t<\/div>\n\t\t\t\t<div class=\"elementor-element elementor-element-1e71a22d elementor-widget elementor-widget-text-editor\" data-id=\"1e71a22d\" data-element_type=\"widget\" data-widget_type=\"text-editor.default\">\n\t\t\t\t\t\t\t\t\t<p class=\"p1\">El Santuario es mucho m\u00e1s que un centro deportivo y cultural; es un oasis de transformaci\u00f3n y bienestar integral para hombres, mujeres y ni\u00f1os de todas las edades, ubicado en Los Reyes Acaquilpan, Estado de M\u00e9xico. Sabemos que la vida moderna puede ser un desaf\u00edo, y por eso hemos creado un espacio donde el crecimiento personal se fomenta de manera hol\u00edstica, abarcando el cuerpo, la mente y el esp\u00edritu.<\/p>\t\t\t\t\t\t\t\t<\/div>\n\t\t\t\t<\/div>\n\t\t\t\t\t<\/div>\n\t\t\t\t<\/div>\n\t\t<div class=\"elementor-element elementor-element-c12640b e-flex e-con-boxed e-con e-parent\" data-id=\"c12640b\" data-element_type=\"container\" data-settings=\"{&quot;background_background&quot;:&quot;classic&quot;}\">\n\t\t\t\t\t<div class=\"e-con-inner\">\n\t\t<div class=\"elementor-element elementor-element-2ef15f1 e-con-full e-flex e-con e-child\" data-id=\"2ef15f1\" data-element_type=\"container\">\n\t\t\t\t<div class=\"elementor-element elementor-element-b8157c3 elementor-widget elementor-widget-text-editor\" data-id=\"b8157c3\" data-element_type=\"widget\" data-widget_type=\"text-editor.default\">\n\t\t\t\t\t\t\t\t\t<p class=\"p1\">Aqu\u00ed, creemos firmemente en el desarrollo sano y arm\u00f3nico de las personas. Lo logramos a trav\u00e9s de una oferta cuidadosamente dise\u00f1ada de actividades f\u00edsicas, culturales y sociales que no solo promueven la salud y el aprendizaje, sino que tambi\u00e9n cultivan la sana convivencia y el encuentro genuino entre individuos.<\/p><p class=\"p1\">En El Santuario, cada actividad, cada terapia y cada c\u00edrculo es una invitaci\u00f3n a la autoexploraci\u00f3n, el empoderamiento y la conexi\u00f3n comunitaria. Nuestro prop\u00f3sito es ser un faro de luz y bienestar, un refugio donde cada persona puede sentirse protegida, inspirada y en camino hacia su m\u00e1xima expresi\u00f3n.<\/p>\t\t\t\t\t\t\t\t<\/div>\n\t\t\t\t<div class=\"elementor-element elementor-element-62a2e42 elementor-align-center elementor-widget elementor-widget-button\" data-id=\"62a2e42\" data-element_type=\"widget\" data-widget_type=\"button.default\">\n\t\t\t\t\t\t\t\t\t\t<a class=\"elementor-button elementor-button-link elementor-size-lg elementor-animation-grow\" href=\"https:\/\/elsantuariolosreyes.com\/index.php\/suscripciones\/\">\n\t\t\t\t\t\t<span class=\"elementor-button-content-wrapper\">\n\t\t\t\t\t\t\t\t\t<span class=\"elementor-button-text\">Suscr\u00edbete<\/span>\n\t\t\t\t\t<\/span>\n\t\t\t\t\t<\/a>\n\t\t\t\t\t\t\t\t<\/div>\n\t\t\t\t<\/div>\n\t\t\t\t\t<\/div>\n\t\t\t\t<\/div>\n\t\t<div class=\"elementor-element elementor-element-7ded1b60 e-flex e-con-boxed e-con e-parent\" data-id=\"7ded1b60\" data-element_type=\"container\" data-settings=\"{&quot;background_background&quot;:&quot;classic&quot;}\">\n\t\t\t\t\t<div class=\"e-con-inner\">\n\t\t<div class=\"elementor-element elementor-element-61c13c30 e-con-full e-flex e-con e-child\" data-id=\"61c13c30\" data-element_type=\"container\">\n\t\t\t\t<div class=\"elementor-element elementor-element-4c6b4ec6 animated-slow elementor-invisible elementor-widget elementor-widget-heading\" data-id=\"4c6b4ec6\" data-element_type=\"widget\" data-settings=\"{&quot;_animation&quot;:&quot;slideInUp&quot;}\" data-widget_type=\"heading.default\">\n\t\t\t\t\t<h2 class=\"elementor-heading-title elementor-size-default\">El Santuario: Un Espacio para Florecer<\/h2>\t\t\t\t<\/div>\n\t\t\t\t<div class=\"elementor-element elementor-element-dca7f7d animated-slow elementor-invisible elementor-widget elementor-widget-heading\" data-id=\"dca7f7d\" data-element_type=\"widget\" data-settings=\"{&quot;_animation&quot;:&quot;slideInUp&quot;}\" data-widget_type=\"heading.default\">\n\t\t\t\t\t<h2 class=\"elementor-heading-title elementor-size-default\"><a href=\"https:\/\/elsantuariolosreyes.com\/index.php\/actividades\/\">Actividades F\u00edsicas:<\/a><\/h2>\t\t\t\t<\/div>\n\t\t\t\t<div class=\"elementor-element elementor-element-18b003a1 elementor-widget elementor-widget-text-editor\" data-id=\"18b003a1\" data-element_type=\"widget\" data-widget_type=\"text-editor.default\">\n\t\t\t\t\t\t\t\t\t<p class=\"p1\">Descubre nuestras clases de artes marciales y fitness.<\/p>\t\t\t\t\t\t\t\t<\/div>\n\t\t\t\t<\/div>\n\t\t<div class=\"elementor-element elementor-element-2f51a90 e-con-full e-flex e-con e-child\" data-id=\"2f51a90\" data-element_type=\"container\">\n\t\t\t\t<div class=\"elementor-element elementor-element-d16ba1a elementor-widget elementor-widget-image\" data-id=\"d16ba1a\" data-element_type=\"widget\" data-widget_type=\"image.default\">\n\t\t\t\t\t\t\t\t\t\t\t\t\t\t\t\t<a href=\"https:\/\/elsantuariolosreyes.com\/index.php\/actividades\/\">\n\t\t\t\t\t\t\t<img fetchpriority=\"high\" decoding=\"async\" width=\"800\" height=\"800\" src=\"https:\/\/elsantuariolosreyes.com\/wp-content\/uploads\/2025\/08\/san_03-1024x1024.png\" class=\"attachment-large size-large wp-image-356\" alt=\"\" srcset=\"https:\/\/elsantuariolosreyes.com\/wp-content\/uploads\/2025\/08\/san_03-1024x1024.png 1024w, https:\/\/elsantuariolosreyes.com\/wp-content\/uploads\/2025\/08\/san_03-300x300.png 300w, https:\/\/elsantuariolosreyes.com\/wp-content\/uploads\/2025\/08\/san_03-150x150.png 150w, https:\/\/elsantuariolosreyes.com\/wp-content\/uploads\/2025\/08\/san_03-768x768.png 768w, https:\/\/elsantuariolosreyes.com\/wp-content\/uploads\/2025\/08\/san_03.png 1080w\" sizes=\"(max-width: 800px) 100vw, 800px\" \/>\t\t\t\t\t\t\t\t<\/a>\n\t\t\t\t\t\t\t\t\t\t\t\t\t\t\t<\/div>\n\t\t\t\t<\/div>\n\t\t\t\t\t<\/div>\n\t\t\t\t<\/div>\n\t\t<div class=\"elementor-element elementor-element-41faffe e-flex e-con-boxed e-con e-parent\" data-id=\"41faffe\" data-element_type=\"container\" data-settings=\"{&quot;background_background&quot;:&quot;classic&quot;}\">\n\t\t\t\t\t<div class=\"e-con-inner\">\n\t\t<div class=\"elementor-element elementor-element-55ce107 e-con-full e-flex e-con e-child\" data-id=\"55ce107\" data-element_type=\"container\">\n\t\t\t\t<div class=\"elementor-element elementor-element-d6afa3e elementor-widget elementor-widget-image\" data-id=\"d6afa3e\" data-element_type=\"widget\" data-widget_type=\"image.default\">\n\t\t\t\t\t\t\t\t\t\t\t\t\t\t\t\t<a href=\"https:\/\/elsantuariolosreyes.com\/index.php\/terapias\/\">\n\t\t\t\t\t\t\t<img decoding=\"async\" width=\"800\" height=\"800\" src=\"https:\/\/elsantuariolosreyes.com\/wp-content\/uploads\/2025\/08\/san_05-1024x1024.png\" class=\"attachment-large size-large wp-image-358\" alt=\"\" srcset=\"https:\/\/elsantuariolosreyes.com\/wp-content\/uploads\/2025\/08\/san_05-1024x1024.png 1024w, https:\/\/elsantuariolosreyes.com\/wp-content\/uploads\/2025\/08\/san_05-300x300.png 300w, https:\/\/elsantuariolosreyes.com\/wp-content\/uploads\/2025\/08\/san_05-150x150.png 150w, https:\/\/elsantuariolosreyes.com\/wp-content\/uploads\/2025\/08\/san_05-768x768.png 768w, https:\/\/elsantuariolosreyes.com\/wp-content\/uploads\/2025\/08\/san_05.png 1080w\" sizes=\"(max-width: 800px) 100vw, 800px\" \/>\t\t\t\t\t\t\t\t<\/a>\n\t\t\t\t\t\t\t\t\t\t\t\t\t\t\t<\/div>\n\t\t\t\t<\/div>\n\t\t<div class=\"elementor-element elementor-element-25be71a e-con-full e-flex e-con e-child\" data-id=\"25be71a\" data-element_type=\"container\">\n\t\t\t\t<div class=\"elementor-element elementor-element-31a2bca animated-slow elementor-invisible elementor-widget elementor-widget-heading\" data-id=\"31a2bca\" data-element_type=\"widget\" data-settings=\"{&quot;_animation&quot;:&quot;slideInUp&quot;}\" data-widget_type=\"heading.default\">\n\t\t\t\t\t<h2 class=\"elementor-heading-title elementor-size-default\">El Santuario: Un Espacio para Florecer<\/h2>\t\t\t\t<\/div>\n\t\t\t\t<div class=\"elementor-element elementor-element-94a5630 animated-slow elementor-invisible elementor-widget elementor-widget-heading\" data-id=\"94a5630\" data-element_type=\"widget\" data-settings=\"{&quot;_animation&quot;:&quot;slideInUp&quot;}\" data-widget_type=\"heading.default\">\n\t\t\t\t\t<h2 class=\"elementor-heading-title elementor-size-default\"><a href=\"https:\/\/elsantuariolosreyes.com\/index.php\/terapias\/\">Terapias y Crecimiento:<\/a><\/h2>\t\t\t\t<\/div>\n\t\t\t\t<div class=\"elementor-element elementor-element-f9c906b elementor-widget elementor-widget-text-editor\" data-id=\"f9c906b\" data-element_type=\"widget\" data-widget_type=\"text-editor.default\">\n\t\t\t\t\t\t\t\t\t<p class=\"p1\">Encuentra apoyo para tu salud integral y bienestar emocional.<\/p>\t\t\t\t\t\t\t\t<\/div>\n\t\t\t\t<\/div>\n\t\t\t\t\t<\/div>\n\t\t\t\t<\/div>\n\t\t<div class=\"elementor-element elementor-element-780dfaa e-flex e-con-boxed e-con e-parent\" data-id=\"780dfaa\" data-element_type=\"container\" data-settings=\"{&quot;background_background&quot;:&quot;classic&quot;}\">\n\t\t\t\t\t<div class=\"e-con-inner\">\n\t\t<div class=\"elementor-element elementor-element-1fbab40 e-con-full e-flex e-con e-child\" data-id=\"1fbab40\" data-element_type=\"container\">\n\t\t\t\t<div class=\"elementor-element elementor-element-5ead007 animated-slow elementor-invisible elementor-widget elementor-widget-heading\" data-id=\"5ead007\" data-element_type=\"widget\" data-settings=\"{&quot;_animation&quot;:&quot;slideInUp&quot;}\" data-widget_type=\"heading.default\">\n\t\t\t\t\t<h2 class=\"elementor-heading-title elementor-size-default\">El Santuario: Un Espacio para Florecer<\/h2>\t\t\t\t<\/div>\n\t\t\t\t<div class=\"elementor-element elementor-element-6617704 animated-slow elementor-invisible elementor-widget elementor-widget-heading\" data-id=\"6617704\" data-element_type=\"widget\" data-settings=\"{&quot;_animation&quot;:&quot;slideInUp&quot;}\" data-widget_type=\"heading.default\">\n\t\t\t\t\t<h2 class=\"elementor-heading-title elementor-size-default\"><a href=\"https:\/\/elsantuariolosreyes.com\/index.php\/cursos-y-talleres\/\"> Cursos y Formaci\u00f3n: <\/a><\/h2>\t\t\t\t<\/div>\n\t\t\t\t<div class=\"elementor-element elementor-element-c2ed85f elementor-widget elementor-widget-text-editor\" data-id=\"c2ed85f\" data-element_type=\"widget\" data-widget_type=\"text-editor.default\">\n\t\t\t\t\t\t\t\t\t<p class=\"p1\">Invierte en tu futuro con programas avalados y con reconocimiento oficial.<\/p>\t\t\t\t\t\t\t\t<\/div>\n\t\t\t\t<\/div>\n\t\t<div class=\"elementor-element elementor-element-7904a7b e-con-full e-flex e-con e-child\" data-id=\"7904a7b\" data-element_type=\"container\">\n\t\t\t\t<div class=\"elementor-element elementor-element-05e7b38 elementor-widget elementor-widget-image\" data-id=\"05e7b38\" data-element_type=\"widget\" data-widget_type=\"image.default\">\n\t\t\t\t\t\t\t\t\t\t\t\t\t\t\t\t<a href=\"https:\/\/elsantuariolosreyes.com\/index.php\/cursos-y-talleres\/\">\n\t\t\t\t\t\t\t<img decoding=\"async\" width=\"800\" height=\"800\" src=\"https:\/\/elsantuariolosreyes.com\/wp-content\/uploads\/2025\/08\/san_04-1024x1024.png\" class=\"attachment-large size-large wp-image-357\" alt=\"\" srcset=\"https:\/\/elsantuariolosreyes.com\/wp-content\/uploads\/2025\/08\/san_04-1024x1024.png 1024w, https:\/\/elsantuariolosreyes.com\/wp-content\/uploads\/2025\/08\/san_04-300x300.png 300w, https:\/\/elsantuariolosreyes.com\/wp-content\/uploads\/2025\/08\/san_04-150x150.png 150w, https:\/\/elsantuariolosreyes.com\/wp-content\/uploads\/2025\/08\/san_04-768x768.png 768w, https:\/\/elsantuariolosreyes.com\/wp-content\/uploads\/2025\/08\/san_04.png 1080w\" sizes=\"(max-width: 800px) 100vw, 800px\" \/>\t\t\t\t\t\t\t\t<\/a>\n\t\t\t\t\t\t\t\t\t\t\t\t\t\t\t<\/div>\n\t\t\t\t<\/div>\n\t\t\t\t\t<\/div>\n\t\t\t\t<\/div>\n\t\t\t\t<\/div>\n\t\t","protected":false},"excerpt":{"rendered":"<p>\u00a1Vis\u00edtanos! Centro Deportivoy CulturalEl Santuario Un Espacio para Florecer Suscripci\u00f3n > El Santuario: Un Espacio para Florecer \u00bfQu\u00e9 es El Santuario?La Esencia de Nuestro Centro El Santuario es mucho m\u00e1s que un centro deportivo y cultural; es un oasis de transformaci\u00f3n y bienestar integral para hombres, mujeres y ni\u00f1os de todas las edades, ubicado en [&hellip;]<\/p>\n","protected":false},"author":1,"featured_media":0,"parent":0,"menu_order":0,"comment_status":"closed","ping_status":"closed","template":"","meta":{"footnotes":""},"class_list":["post-85","page","type-page","status-publish","hentry"],"_links":{"self":[{"href":"https:\/\/elsantuariolosreyes.com\/index.php\/wp-json\/wp\/v2\/pages\/85","targetHints":{"allow":["GET"]}}],"collection":[{"href":"https:\/\/elsantuariolosreyes.com\/index.php\/wp-json\/wp\/v2\/pages"}],"about":[{"href":"https:\/\/elsantuariolosreyes.com\/index.php\/wp-json\/wp\/v2\/types\/page"}],"author":[{"embeddable":true,"href":"https:\/\/elsantuariolosreyes.com\/index.php\/wp-json\/wp\/v2\/users\/1"}],"replies":[{"embeddable":true,"href":"https:\/\/elsantuariolosreyes.com\/index.php\/wp-json\/wp\/v2\/comments?post=85"}],"version-history":[{"count":79,"href":"https:\/\/elsantuariolosreyes.com\/index.php\/wp-json\/wp\/v2\/pages\/85\/revisions"}],"predecessor-version":[{"id":475,"href":"https:\/\/elsantuariolosreyes.com\/index.php\/wp-json\/wp\/v2\/pages\/85\/revisions\/475"}],"wp:attachment":[{"href":"https:\/\/elsantuariolosreyes.com\/index.php\/wp-json\/wp\/v2\/media?parent=85"}],"curies":[{"name":"wp","href":"https:\/\/api.w.org\/{rel}","templated":true}]}}