{"id":210,"date":"2025-07-16T23:35:18","date_gmt":"2025-07-16T23:35:18","guid":{"rendered":"https:\/\/elsantuariolosreyes.com\/?page_id=210"},"modified":"2025-08-27T21:49:19","modified_gmt":"2025-08-27T21:49:19","slug":"preguntas-frecuentes","status":"publish","type":"page","link":"https:\/\/elsantuariolosreyes.com\/index.php\/preguntas-frecuentes\/","title":{"rendered":"Preguntas Frecuentes"},"content":{"rendered":"\t\t<div data-elementor-type=\"wp-page\" data-elementor-id=\"210\" class=\"elementor elementor-210\" data-elementor-post-type=\"page\">\n\t\t\t\t<div class=\"elementor-element elementor-element-38afcb33 e-flex e-con-boxed e-con e-parent\" data-id=\"38afcb33\" data-element_type=\"container\" data-settings=\"{&quot;background_background&quot;:&quot;classic&quot;}\">\n\t\t\t\t\t<div class=\"e-con-inner\">\n\t\t\t\t<div class=\"elementor-element elementor-element-30080e28 elementor-widget elementor-widget-heading\" data-id=\"30080e28\" data-element_type=\"widget\" data-widget_type=\"heading.default\">\n\t\t\t\t\t<h2 class=\"elementor-heading-title elementor-size-default\">Preguntas Frecuentes (FAQ):<\/h2>\t\t\t\t<\/div>\n\t\t\t\t<div class=\"elementor-element elementor-element-2147634e animated-slow elementor-invisible elementor-widget elementor-widget-heading\" data-id=\"2147634e\" data-element_type=\"widget\" data-settings=\"{&quot;_animation&quot;:&quot;slideInUp&quot;}\" data-widget_type=\"heading.default\">\n\t\t\t\t\t<h2 class=\"elementor-heading-title elementor-size-default\">Resolviendo Tus Dudas<\/h2>\t\t\t\t<\/div>\n\t\t\t\t\t<\/div>\n\t\t\t\t<\/div>\n\t\t<div class=\"elementor-element elementor-element-1c6f62f4 e-flex e-con-boxed e-con e-parent\" data-id=\"1c6f62f4\" data-element_type=\"container\" data-settings=\"{&quot;background_background&quot;:&quot;classic&quot;}\">\n\t\t\t\t\t<div class=\"e-con-inner\">\n\t\t<div class=\"elementor-element elementor-element-3fa7422a e-con-full e-flex e-con e-child\" data-id=\"3fa7422a\" data-element_type=\"container\">\n\t\t\t\t<div class=\"elementor-element elementor-element-5067ed9b animated-slow elementor-invisible elementor-widget elementor-widget-heading\" data-id=\"5067ed9b\" data-element_type=\"widget\" data-settings=\"{&quot;_animation&quot;:&quot;slideInUp&quot;}\" data-widget_type=\"heading.default\">\n\t\t\t\t\t<h2 class=\"elementor-heading-title elementor-size-default\">Hemos anticipado algunas de las preguntas m\u00e1s comunes para que tengas toda la informaci\u00f3n clara y disponible.<\/h2>\t\t\t\t<\/div>\n\t\t\t\t<div class=\"elementor-element elementor-element-e6a4e5f animated-slow elementor-invisible elementor-widget elementor-widget-heading\" data-id=\"e6a4e5f\" data-element_type=\"widget\" data-settings=\"{&quot;_animation&quot;:&quot;slideInUp&quot;}\" data-widget_type=\"heading.default\">\n\t\t\t\t\t<h2 class=\"elementor-heading-title elementor-size-default\">Sobre El Santuario<\/h2>\t\t\t\t<\/div>\n\t\t\t\t<div class=\"elementor-element elementor-element-1f500053 elementor-widget elementor-widget-text-editor\" data-id=\"1f500053\" data-element_type=\"widget\" data-widget_type=\"text-editor.default\">\n\t\t\t\t\t\t\t\t\t<p class=\"p1\"><span style=\"color: #ff0000;\">\u00bfCu\u00e1l es la filosof\u00eda principal de El Santuario?<\/span><\/p><p class=\"p1\">Nuestra filosof\u00eda se basa en el desarrollo integral del ser humano, combinando el bienestar f\u00edsico, mental, emocional y espiritual a trav\u00e9s de la comunidad, el aprendizaje y el respeto por los saberes ancestrales.<\/p><p class=\"p1\"><span style=\"color: #ff0000;\">\u00bfPara qui\u00e9n es El Santuario?<\/span><\/p><p class=\"p1\">El Santuario es para hombres, mujeres y ni\u00f1os de todas las edades que buscan un espacio para crecer, aprender, conectar y mejorar su calidad de vida en un ambiente de respeto y apoyo mutuo.<\/p><p class=\"p1\"><span style=\"color: #ff0000;\">\u00bfD\u00f3nde se ubica El Santuario?<\/span><\/p><p class=\"p1\">Estamos convenientemente ubicados en Calle 25 esquina con Av. Lerma, Col. Los Reyes Acaquilpan, Estado de M\u00e9xico, facilitando el acceso a nuestra comunidad local.<\/p>\t\t\t\t\t\t\t\t<\/div>\n\t\t\t\t<\/div>\n\t\t\t\t\t<\/div>\n\t\t\t\t<\/div>\n\t\t<div class=\"elementor-element elementor-element-cdfb7fe e-flex e-con-boxed e-con e-parent\" data-id=\"cdfb7fe\" data-element_type=\"container\" data-settings=\"{&quot;background_background&quot;:&quot;classic&quot;}\">\n\t\t\t\t\t<div class=\"e-con-inner\">\n\t\t<div class=\"elementor-element elementor-element-21794ea e-con-full e-flex e-con e-child\" data-id=\"21794ea\" data-element_type=\"container\">\n\t\t\t\t<div class=\"elementor-element elementor-element-7bab660 animated-slow elementor-invisible elementor-widget elementor-widget-heading\" data-id=\"7bab660\" data-element_type=\"widget\" data-settings=\"{&quot;_animation&quot;:&quot;slideInUp&quot;}\" data-widget_type=\"heading.default\">\n\t\t\t\t\t<h2 class=\"elementor-heading-title elementor-size-default\">Sobre las Actividades y Terapias<\/h2>\t\t\t\t<\/div>\n\t\t\t\t<div class=\"elementor-element elementor-element-1a73c87 elementor-widget elementor-widget-text-editor\" data-id=\"1a73c87\" data-element_type=\"widget\" data-widget_type=\"text-editor.default\">\n\t\t\t\t\t\t\t\t\t<p class=\"p1\"><span style=\"color: #ff0000;\">\u00bfNecesito tener experiencia previa para unirme a las actividades o cursos?<\/span><\/p><p class=\"p1\">No, en absoluto. Muchas de nuestras actividades y cursos est\u00e1n dise\u00f1ados para todos los niveles, desde principiantes hasta avanzados. Siempre indicaremos si alguna actividad requiere conocimientos previos espec\u00edficos.<\/p><p class=\"p1\"><span style=\"color: #ff0000;\">\u00bfC\u00f3mo elijo la actividad o terapia adecuada para m\u00ed?<\/span><\/p><p class=\"p1\">Te invitamos a explorar nuestra descripci\u00f3n detallada de cada actividad. Si tienes dudas, puedes contactarnos directamente. Nuestro equipo estar\u00e1 encantado de escucharte, entender tus intereses y necesidades, y recomendarte la opci\u00f3n m\u00e1s adecuada.<\/p><p class=\"p1\"><span style=\"color: #ff0000;\">\u00bfLas terapias son individuales o grupales?<\/span><\/p><p class=\"p1\">La mayor\u00eda de nuestras terapias son individuales, ofreciendo un espacio de atenci\u00f3n personalizada. Los c\u00edrculos y algunos talleres son grupales, fomentando la conexi\u00f3n comunitaria.<\/p><p class=\"p1\"><span style=\"color: #ff0000;\">\u00bfHay actividades espec\u00edficas para ni\u00f1os?<\/span><\/p><p class=\"p1\">S\u00ed, tenemos el C\u00edrculo Infantil y cursos como Ingl\u00e9s B\u00e1sico para Ni\u00f1os, adem\u00e1s de terapias como Estimulaci\u00f3n Temprana y Terapia de Lenguaje dise\u00f1adas para ellos. Muchas de nuestras actividades f\u00edsicas tambi\u00e9n pueden adaptarse.<\/p><p class=\"p1\"><span style=\"color: #ff0000;\">\u00bfC\u00f3mo puedo inscribirme o agendar una cita?<\/span><\/p><p class=\"p1\">Puedes encontrar la informaci\u00f3n de contacto y, pr\u00f3ximamente, formularios de inscripci\u00f3n o agendamiento directo en nuestra p\u00e1gina web, o simplemente llamarnos\/enviarnos un mensaje.<\/p>\t\t\t\t\t\t\t\t<\/div>\n\t\t\t\t<\/div>\n\t\t\t\t\t<\/div>\n\t\t\t\t<\/div>\n\t\t<div class=\"elementor-element elementor-element-235b49a e-flex e-con-boxed e-con e-parent\" data-id=\"235b49a\" data-element_type=\"container\" data-settings=\"{&quot;background_background&quot;:&quot;classic&quot;}\">\n\t\t\t\t\t<div class=\"e-con-inner\">\n\t\t<div class=\"elementor-element elementor-element-cd95ca0 e-con-full e-flex e-con e-child\" data-id=\"cd95ca0\" data-element_type=\"container\">\n\t\t\t\t<div class=\"elementor-element elementor-element-26afed9 animated-slow elementor-invisible elementor-widget elementor-widget-heading\" data-id=\"26afed9\" data-element_type=\"widget\" data-settings=\"{&quot;_animation&quot;:&quot;slideInUp&quot;}\" data-widget_type=\"heading.default\">\n\t\t\t\t\t<h2 class=\"elementor-heading-title elementor-size-default\">Sobre la Comunidad y el Bienestar<\/h2>\t\t\t\t<\/div>\n\t\t\t\t<div class=\"elementor-element elementor-element-346e39b elementor-widget elementor-widget-text-editor\" data-id=\"346e39b\" data-element_type=\"widget\" data-widget_type=\"text-editor.default\">\n\t\t\t\t\t\t\t\t\t<p class=\"p1\"><span style=\"color: #ff0000;\">\u00bfQu\u00e9 significa \u00absana convivencia\u00bb en El Santuario?<\/span><\/p><p class=\"p1\">Significa que promovemos un ambiente de respeto mutuo, inclusi\u00f3n, escucha activa y empat\u00eda. Animamos a nuestros miembros a interactuar de manera positiva, creando una comunidad de apoyo.<\/p><p class=\"p1\"><span style=\"color: #ff0000;\">\u00bfSe ofrecen opciones para el bienestar emocional y espiritual?<\/span><\/p><p class=\"p1\">S\u00ed, definitivamente. M\u00e1s all\u00e1 de lo f\u00edsico, nuestros c\u00edrculos, cursos de sabidur\u00eda ancestral y terapias hol\u00edsticas est\u00e1n espec\u00edficamente dise\u00f1ados para nutrir tu mundo emocional y espiritual.<\/p><p class=\"p1\"><span style=\"color: #ff0000;\">\u00bfCu\u00e1l es la diferencia entre un curso y un taller?<\/span><\/p><p class=\"p1\">Un curso tiende a ser un programa m\u00e1s extenso y estructurado que busca impartir un conocimiento profundo sobre un tema. Un taller suele ser m\u00e1s corto y pr\u00e1ctico, enfocado en desarrollar una habilidad espec\u00edfica o experimentar una t\u00e9cnica.<\/p><p class=\"p1\"><span style=\"color: #ff0000;\">\u00bfPuedo probar una clase antes de inscribirme?<\/span><\/p><p class=\"p1\">En muchos casos, s\u00ed, ofrecemos clases de prueba. Por favor, consulta los detalles espec\u00edficos para la actividad de tu inter\u00e9s al contactarnos.<\/p>\t\t\t\t\t\t\t\t<\/div>\n\t\t\t\t<\/div>\n\t\t\t\t\t<\/div>\n\t\t\t\t<\/div>\n\t\t\t\t<\/div>\n\t\t","protected":false},"excerpt":{"rendered":"<p>Preguntas Frecuentes (FAQ): Resolviendo Tus Dudas Hemos anticipado algunas de las preguntas m\u00e1s comunes para que tengas toda la informaci\u00f3n clara y disponible. Sobre El Santuario \u00bfCu\u00e1l es la filosof\u00eda principal de El Santuario? Nuestra filosof\u00eda se basa en el desarrollo integral del ser humano, combinando el bienestar f\u00edsico, mental, emocional y espiritual a trav\u00e9s [&hellip;]<\/p>\n","protected":false},"author":1,"featured_media":0,"parent":0,"menu_order":0,"comment_status":"closed","ping_status":"closed","template":"","meta":{"footnotes":""},"class_list":["post-210","page","type-page","status-publish","hentry"],"_links":{"self":[{"href":"https:\/\/elsantuariolosreyes.com\/index.php\/wp-json\/wp\/v2\/pages\/210","targetHints":{"allow":["GET"]}}],"collection":[{"href":"https:\/\/elsantuariolosreyes.com\/index.php\/wp-json\/wp\/v2\/pages"}],"about":[{"href":"https:\/\/elsantuariolosreyes.com\/index.php\/wp-json\/wp\/v2\/types\/page"}],"author":[{"embeddable":true,"href":"https:\/\/elsantuariolosreyes.com\/index.php\/wp-json\/wp\/v2\/users\/1"}],"replies":[{"embeddable":true,"href":"https:\/\/elsantuariolosreyes.com\/index.php\/wp-json\/wp\/v2\/comments?post=210"}],"version-history":[{"count":13,"href":"https:\/\/elsantuariolosreyes.com\/index.php\/wp-json\/wp\/v2\/pages\/210\/revisions"}],"predecessor-version":[{"id":448,"href":"https:\/\/elsantuariolosreyes.com\/index.php\/wp-json\/wp\/v2\/pages\/210\/revisions\/448"}],"wp:attachment":[{"href":"https:\/\/elsantuariolosreyes.com\/index.php\/wp-json\/wp\/v2\/media?parent=210"}],"curies":[{"name":"wp","href":"https:\/\/api.w.org\/{rel}","templated":true}]}}