{"id":204,"date":"2025-07-16T23:24:25","date_gmt":"2025-07-16T23:24:25","guid":{"rendered":"https:\/\/elsantuariolosreyes.com\/?page_id=204"},"modified":"2025-09-03T23:08:16","modified_gmt":"2025-09-03T23:08:16","slug":"cursos-y-talleres","status":"publish","type":"page","link":"https:\/\/elsantuariolosreyes.com\/index.php\/cursos-y-talleres\/","title":{"rendered":"Cursos y Talleres"},"content":{"rendered":"\t\t<div data-elementor-type=\"wp-page\" data-elementor-id=\"204\" class=\"elementor elementor-204\" data-elementor-post-type=\"page\">\n\t\t\t\t<div class=\"elementor-element elementor-element-7aa02972 e-flex e-con-boxed e-con e-parent\" data-id=\"7aa02972\" data-element_type=\"container\" data-settings=\"{&quot;background_background&quot;:&quot;classic&quot;}\">\n\t\t\t\t\t<div class=\"e-con-inner\">\n\t\t\t\t<div class=\"elementor-element elementor-element-b779b3a elementor-widget elementor-widget-heading\" data-id=\"b779b3a\" data-element_type=\"widget\" data-widget_type=\"heading.default\">\n\t\t\t\t\t<h2 class=\"elementor-heading-title elementor-size-default\">NUESTROS<\/h2>\t\t\t\t<\/div>\n\t\t\t\t<div class=\"elementor-element elementor-element-574f47d9 animated-slow elementor-invisible elementor-widget elementor-widget-heading\" data-id=\"574f47d9\" data-element_type=\"widget\" data-settings=\"{&quot;_animation&quot;:&quot;slideInUp&quot;}\" data-widget_type=\"heading.default\">\n\t\t\t\t\t<h2 class=\"elementor-heading-title elementor-size-default\">CURSOS Y TALLERES<\/h2>\t\t\t\t<\/div>\n\t\t\t\t\t<\/div>\n\t\t\t\t<\/div>\n\t\t<div class=\"elementor-element elementor-element-499f6aac e-flex e-con-boxed e-con e-parent\" data-id=\"499f6aac\" data-element_type=\"container\" data-settings=\"{&quot;background_background&quot;:&quot;classic&quot;}\">\n\t\t\t\t\t<div class=\"e-con-inner\">\n\t\t<div class=\"elementor-element elementor-element-4aa67bc e-con-full e-flex e-con e-child\" data-id=\"4aa67bc\" data-element_type=\"container\">\n\t\t\t\t<div class=\"elementor-element elementor-element-530e11d0 animated-slow elementor-invisible elementor-widget elementor-widget-heading\" data-id=\"530e11d0\" data-element_type=\"widget\" data-settings=\"{&quot;_animation&quot;:&quot;slideInUp&quot;}\" data-widget_type=\"heading.default\">\n\t\t\t\t\t<h2 class=\"elementor-heading-title elementor-size-default\">Cursos de Conocimiento Ancestral y Desarrollo Personal:<\/h2>\t\t\t\t<\/div>\n\t\t\t\t<div class=\"elementor-element elementor-element-78874a35 animated-slow elementor-invisible elementor-widget elementor-widget-heading\" data-id=\"78874a35\" data-element_type=\"widget\" data-settings=\"{&quot;_animation&quot;:&quot;slideInUp&quot;}\" data-widget_type=\"heading.default\">\n\t\t\t\t\t<h2 class=\"elementor-heading-title elementor-size-default\">Sabidur\u00eda y Expansi\u00f3n<\/h2>\t\t\t\t<\/div>\n\t\t\t\t<div class=\"elementor-element elementor-element-73897417 elementor-widget elementor-widget-text-editor\" data-id=\"73897417\" data-element_type=\"widget\" data-widget_type=\"text-editor.default\">\n\t\t\t\t\t\t\t\t\t<p class=\"p1\">Estos cursos est\u00e1n dise\u00f1ados para aquellos que buscan expandir su conocimiento, conectar con tradiciones ancestrales y desarrollar nuevas habilidades.<\/p>\t\t\t\t\t\t\t\t<\/div>\n\t\t\t\t<div class=\"elementor-element elementor-element-7251a0c elementor-widget elementor-widget-text-editor\" data-id=\"7251a0c\" data-element_type=\"widget\" data-widget_type=\"text-editor.default\">\n\t\t\t\t\t\t\t\t\t<ul><li class=\"p1\">Reiki: Un curso de iniciaci\u00f3n a la sanaci\u00f3n energ\u00e9tica japonesa por imposici\u00f3n de manos. Aprender\u00e1s a canalizar la energ\u00eda universal para promover el equilibrio y la autosanaci\u00f3n.<\/li><li class=\"p1\">Medicina Tradicional China (MTC): Sum\u00e9rgete en los principios fundamentales de esta antigua ciencia m\u00e9dica, incluyendo conceptos como el Yin y el Yang, los cinco elementos, los meridianos y la relaci\u00f3n con la acupuntura y la herbolaria.<\/li><li class=\"p1\">Herbolaria: Descubre el fascinante mundo de las plantas medicinales. Aprende a identificar, recolectar y preparar remedios naturales para el bienestar y la salud, conectando con la sabidur\u00eda de la tierra.<\/li><li class=\"p1\">Cosmovisi\u00f3n Mexica: Explora la rica y profunda visi\u00f3n del mundo de nuestros antepasados mexicas, sus deidades, rituales, calendario y filosof\u00eda de vida, recuperando una parte vital de nuestra herencia cultural.<\/li><li class=\"p1\">Ingl\u00e9s B\u00e1sico (Ni\u00f1os y Adultos): Cursos adaptados para aprender las bases del idioma ingl\u00e9s, fundamental para la comunicaci\u00f3n global y el desarrollo personal y profesional.<\/li><\/ul>\t\t\t\t\t\t\t\t<\/div>\n\t\t\t\t<\/div>\n\t\t\t\t\t<\/div>\n\t\t\t\t<\/div>\n\t\t<div class=\"elementor-element elementor-element-fa07d58 e-flex e-con-boxed e-con e-parent\" data-id=\"fa07d58\" data-element_type=\"container\" data-settings=\"{&quot;background_background&quot;:&quot;classic&quot;}\">\n\t\t\t\t\t<div class=\"e-con-inner\">\n\t\t<div class=\"elementor-element elementor-element-ac284c3 e-con-full e-flex e-con e-child\" data-id=\"ac284c3\" data-element_type=\"container\">\n\t\t\t\t<div class=\"elementor-element elementor-element-a8f0f3f animated-slow elementor-invisible elementor-widget elementor-widget-heading\" data-id=\"a8f0f3f\" data-element_type=\"widget\" data-settings=\"{&quot;_animation&quot;:&quot;slideInUp&quot;}\" data-widget_type=\"heading.default\">\n\t\t\t\t\t<h2 class=\"elementor-heading-title elementor-size-default\">Talleres Pr\u00e1cticos:<\/h2>\t\t\t\t<\/div>\n\t\t\t\t<div class=\"elementor-element elementor-element-1960963 animated-slow elementor-invisible elementor-widget elementor-widget-heading\" data-id=\"1960963\" data-element_type=\"widget\" data-settings=\"{&quot;_animation&quot;:&quot;slideInUp&quot;}\" data-widget_type=\"heading.default\">\n\t\t\t\t\t<h2 class=\"elementor-heading-title elementor-size-default\">Aprende Haciendo<\/h2>\t\t\t\t<\/div>\n\t\t\t\t<div class=\"elementor-element elementor-element-20cbc72 elementor-widget elementor-widget-text-editor\" data-id=\"20cbc72\" data-element_type=\"widget\" data-widget_type=\"text-editor.default\">\n\t\t\t\t\t\t\t\t\t<p class=\"p1\">Nuestros talleres ofrecen experiencias pr\u00e1cticas e intensivas para aplicar conocimientos y desarrollar habilidades concretas.<\/p>\t\t\t\t\t\t\t\t<\/div>\n\t\t\t\t<div class=\"elementor-element elementor-element-efa915a elementor-widget elementor-widget-text-editor\" data-id=\"efa915a\" data-element_type=\"widget\" data-widget_type=\"text-editor.default\">\n\t\t\t\t\t\t\t\t\t<ul><li class=\"p1\">Herbolaria Femenina: Un taller especializado en el uso de plantas medicinales para abordar las necesidades y desaf\u00edos espec\u00edficos de la salud y el equilibrio hormonal femenino.<\/li><li class=\"p1\">Limpias Energ\u00e9ticas: Aprende y practica t\u00e9cnicas ancestrales de purificaci\u00f3n y armonizaci\u00f3n energ\u00e9tica para ti, tu hogar y tus seres queridos, utilizando elementos naturales.<\/li><li class=\"p1\">Correcci\u00f3n de la Visi\u00f3n: Taller basado en m\u00e9todos naturales para mejorar la agudeza visual y la salud ocular, explorando ejercicios y t\u00e9cnicas que promueven la relajaci\u00f3n ocular.<\/li><li class=\"p1\">Visi\u00f3n Extra Ocular: Un taller fascinante para explorar y desarrollar habilidades perceptivas m\u00e1s all\u00e1 de los cinco sentidos, conectando con la intuici\u00f3n y la percepci\u00f3n sutil.<\/li><li class=\"p1\">Iniciaci\u00f3n a la Actuaci\u00f3n: Un taller para desinhibirse, explorar la expresi\u00f3n corporal y vocal, y desarrollar habilidades teatrales b\u00e1sicas que fomentan la confianza y la creatividad.<\/li><li class=\"p1\">Video \/ Fotograf\u00eda \/ Edici\u00f3n: Un taller pr\u00e1ctico donde aprender\u00e1s los fundamentos de la composici\u00f3n visual, el manejo de c\u00e1maras y las t\u00e9cnicas de edici\u00f3n para crear contenido audiovisual impactante.<\/li><li class=\"p1\">Lectura de Tarot (Taller): Un espacio para aprender los fundamentos y la simbolog\u00eda del tarot, desarrollando habilidades para interpretar sus mensajes y aplicarlos para el autoconocimiento y la gu\u00eda personal.<\/li><\/ul>\t\t\t\t\t\t\t\t<\/div>\n\t\t\t\t<\/div>\n\t\t\t\t\t<\/div>\n\t\t\t\t<\/div>\n\t\t\t\t<\/div>\n\t\t","protected":false},"excerpt":{"rendered":"<p>NUESTROS CURSOS Y TALLERES Cursos de Conocimiento Ancestral y Desarrollo Personal: Sabidur\u00eda y Expansi\u00f3n Estos cursos est\u00e1n dise\u00f1ados para aquellos que buscan expandir su conocimiento, conectar con tradiciones ancestrales y desarrollar nuevas habilidades. Reiki: Un curso de iniciaci\u00f3n a la sanaci\u00f3n energ\u00e9tica japonesa por imposici\u00f3n de manos. Aprender\u00e1s a canalizar la energ\u00eda universal para promover [&hellip;]<\/p>\n","protected":false},"author":1,"featured_media":0,"parent":0,"menu_order":0,"comment_status":"closed","ping_status":"closed","template":"","meta":{"footnotes":""},"class_list":["post-204","page","type-page","status-publish","hentry"],"_links":{"self":[{"href":"https:\/\/elsantuariolosreyes.com\/index.php\/wp-json\/wp\/v2\/pages\/204","targetHints":{"allow":["GET"]}}],"collection":[{"href":"https:\/\/elsantuariolosreyes.com\/index.php\/wp-json\/wp\/v2\/pages"}],"about":[{"href":"https:\/\/elsantuariolosreyes.com\/index.php\/wp-json\/wp\/v2\/types\/page"}],"author":[{"embeddable":true,"href":"https:\/\/elsantuariolosreyes.com\/index.php\/wp-json\/wp\/v2\/users\/1"}],"replies":[{"embeddable":true,"href":"https:\/\/elsantuariolosreyes.com\/index.php\/wp-json\/wp\/v2\/comments?post=204"}],"version-history":[{"count":16,"href":"https:\/\/elsantuariolosreyes.com\/index.php\/wp-json\/wp\/v2\/pages\/204\/revisions"}],"predecessor-version":[{"id":472,"href":"https:\/\/elsantuariolosreyes.com\/index.php\/wp-json\/wp\/v2\/pages\/204\/revisions\/472"}],"wp:attachment":[{"href":"https:\/\/elsantuariolosreyes.com\/index.php\/wp-json\/wp\/v2\/media?parent=204"}],"curies":[{"name":"wp","href":"https:\/\/api.w.org\/{rel}","templated":true}]}}