{"id":195,"date":"2025-07-16T23:11:58","date_gmt":"2025-07-16T23:11:58","guid":{"rendered":"https:\/\/elsantuariolosreyes.com\/?page_id=195"},"modified":"2025-09-03T23:06:30","modified_gmt":"2025-09-03T23:06:30","slug":"actividades","status":"publish","type":"page","link":"https:\/\/elsantuariolosreyes.com\/index.php\/actividades\/","title":{"rendered":"Actividades F\u00edsicas"},"content":{"rendered":"\t\t<div data-elementor-type=\"wp-page\" data-elementor-id=\"195\" class=\"elementor elementor-195\" data-elementor-post-type=\"page\">\n\t\t\t\t<div class=\"elementor-element elementor-element-532722ce e-flex e-con-boxed e-con e-parent\" data-id=\"532722ce\" data-element_type=\"container\" data-settings=\"{&quot;background_background&quot;:&quot;classic&quot;}\">\n\t\t\t\t\t<div class=\"e-con-inner\">\n\t\t\t\t<div class=\"elementor-element elementor-element-2a90e150 elementor-widget elementor-widget-heading\" data-id=\"2a90e150\" data-element_type=\"widget\" data-widget_type=\"heading.default\">\n\t\t\t\t\t<h2 class=\"elementor-heading-title elementor-size-default\">Nuestras Actividades<\/h2>\t\t\t\t<\/div>\n\t\t\t\t<div class=\"elementor-element elementor-element-2b4f8ac8 animated-slow elementor-invisible elementor-widget elementor-widget-heading\" data-id=\"2b4f8ac8\" data-element_type=\"widget\" data-settings=\"{&quot;_animation&quot;:&quot;slideInUp&quot;}\" data-widget_type=\"heading.default\">\n\t\t\t\t\t<h2 class=\"elementor-heading-title elementor-size-default\">Un Camino Diversificado hacia el Bienestar<\/h2>\t\t\t\t<\/div>\n\t\t\t\t\t<\/div>\n\t\t\t\t<\/div>\n\t\t<div class=\"elementor-element elementor-element-672d147a e-flex e-con-boxed e-con e-parent\" data-id=\"672d147a\" data-element_type=\"container\" data-settings=\"{&quot;background_background&quot;:&quot;classic&quot;}\">\n\t\t\t\t\t<div class=\"e-con-inner\">\n\t\t<div class=\"elementor-element elementor-element-7538f523 e-con-full e-flex e-con e-child\" data-id=\"7538f523\" data-element_type=\"container\">\n\t\t\t\t<div class=\"elementor-element elementor-element-102e10d3 animated-slow elementor-invisible elementor-widget elementor-widget-heading\" data-id=\"102e10d3\" data-element_type=\"widget\" data-settings=\"{&quot;_animation&quot;:&quot;slideInUp&quot;}\" data-widget_type=\"heading.default\">\n\t\t\t\t\t<h2 class=\"elementor-heading-title elementor-size-default\">En El Santuario, la variedad y calidad de nuestras actividades aseguran que cada persona encuentre su camino para el crecimiento y el bienestar.<\/h2>\t\t\t\t<\/div>\n\t\t\t\t<div class=\"elementor-element elementor-element-f7dedcf animated-slow elementor-invisible elementor-widget elementor-widget-heading\" data-id=\"f7dedcf\" data-element_type=\"widget\" data-settings=\"{&quot;_animation&quot;:&quot;slideInUp&quot;}\" data-widget_type=\"heading.default\">\n\t\t\t\t\t<h2 class=\"elementor-heading-title elementor-size-default\">Actividades Deportivas: Disciplina y Fuerza<\/h2>\t\t\t\t<\/div>\n\t\t\t\t<div class=\"elementor-element elementor-element-b577e2f elementor-widget elementor-widget-text-editor\" data-id=\"b577e2f\" data-element_type=\"widget\" data-widget_type=\"text-editor.default\">\n\t\t\t\t\t\t\t\t\t<p>Estas disciplinas est\u00e1n dise\u00f1adas para desarrollar la condici\u00f3n f\u00edsica, la disciplina mental y la autodefensa, forjando car\u00e1cter y resistencia.<\/p><p>\u00a0<\/p>\t\t\t\t\t\t\t\t<\/div>\n\t\t\t\t<div class=\"elementor-element elementor-element-7405039 elementor-widget elementor-widget-text-editor\" data-id=\"7405039\" data-element_type=\"widget\" data-widget_type=\"text-editor.default\">\n\t\t\t\t\t\t\t\t\t<ul><li>Boxeo: M\u00e1s all\u00e1 de la t\u00e9cnica de golpeo, el boxeo desarrolla una incre\u00edble resistencia cardiovascular, fuerza muscular, agilidad y una concentraci\u00f3n mental aguda. Es una excelente v\u00eda para liberar estr\u00e9s y canalizar energ\u00eda.<\/li><li>Artes Marciales: Ofrecemos diversas disciplinas marciales que no solo ense\u00f1an autodefensa efectiva, sino que tambi\u00e9n inculcan respeto, disciplina, autocontrol, equilibrio y una profunda conexi\u00f3n entre mente y cuerpo.<\/li><li>Muay Thai: Quema calor\u00edas, tonifica cada m\u00fasculo y te brinda defensa personal.<\/li><\/ul>\t\t\t\t\t\t\t\t<\/div>\n\t\t\t\t<\/div>\n\t\t\t\t\t<\/div>\n\t\t\t\t<\/div>\n\t\t<div class=\"elementor-element elementor-element-7a49063 e-flex e-con-boxed e-con e-parent\" data-id=\"7a49063\" data-element_type=\"container\" data-settings=\"{&quot;background_background&quot;:&quot;classic&quot;}\">\n\t\t\t\t\t<div class=\"e-con-inner\">\n\t\t<div class=\"elementor-element elementor-element-c91f09b e-con-full e-flex e-con e-child\" data-id=\"c91f09b\" data-element_type=\"container\">\n\t\t\t\t<div class=\"elementor-element elementor-element-0907775 animated-slow elementor-invisible elementor-widget elementor-widget-heading\" data-id=\"0907775\" data-element_type=\"widget\" data-settings=\"{&quot;_animation&quot;:&quot;slideInUp&quot;}\" data-widget_type=\"heading.default\">\n\t\t\t\t\t<h2 class=\"elementor-heading-title elementor-size-default\">Actividades F\u00edsicas y de Bienestar: Armon\u00eda y Conexi\u00f3n<\/h2>\t\t\t\t<\/div>\n\t\t\t\t<div class=\"elementor-element elementor-element-79a9ce3 elementor-widget elementor-widget-text-editor\" data-id=\"79a9ce3\" data-element_type=\"widget\" data-widget_type=\"text-editor.default\">\n\t\t\t\t\t\t\t\t\t<ul><li class=\"p1\">Fomentando la flexibilidad, la conciencia corporal y el cultivo de la energ\u00eda vital, estas actividades nutren el cuerpo y la mente.<\/li><li class=\"p1\">Yoga: Una pr\u00e1ctica milenaria que a trav\u00e9s de posturas (asanas), t\u00e9cnicas de respiraci\u00f3n (pranayama) y meditaci\u00f3n, promueve la flexibilidad, la fuerza, el equilibrio y una profunda paz interior. Ideal para reducir el estr\u00e9s.<\/li><li class=\"p1\">Chi-kung (Qigong): Ejercicios suaves y meditativos en movimiento que cultivan la energ\u00eda vital (Chi), mejoran la circulaci\u00f3n, fortalecen el sistema inmunol\u00f3gico y fomentan la serenidad mental.<\/li><li class=\"p1\">Pole Dance: Una disciplina art\u00edstica y atl\u00e9tica que combina fuerza, flexibilidad, coordinaci\u00f3n y expresi\u00f3n corporal. Es un excelente entrenamiento de cuerpo completo que tambi\u00e9n eleva la autoestima.<\/li><li class=\"p1\">Baile: Diversas clases de baile que ofrecen una forma divertida y energ\u00e9tica de mejorar la salud cardiovascular, la coordinaci\u00f3n, el ritmo y la expresi\u00f3n personal.<\/li><li class=\"p1\">Pilates: Un m\u00e9todo de ejercicio enfocado en fortalecer el centro del cuerpo (core), mejorar la postura, aumentar la flexibilidad y desarrollar una profunda conciencia corporal.<\/li><li class=\"p1\">Jazz: Una forma de baile din\u00e1mica y expresiva que mejora la t\u00e9cnica corporal, la musicalidad, la coordinaci\u00f3n y la expresi\u00f3n art\u00edstica.<\/li><\/ul>\t\t\t\t\t\t\t\t<\/div>\n\t\t\t\t<\/div>\n\t\t\t\t\t<\/div>\n\t\t\t\t<\/div>\n\t\t<div class=\"elementor-element elementor-element-c6606c0 e-flex e-con-boxed e-con e-parent\" data-id=\"c6606c0\" data-element_type=\"container\" data-settings=\"{&quot;background_background&quot;:&quot;classic&quot;}\">\n\t\t\t\t\t<div class=\"e-con-inner\">\n\t\t<div class=\"elementor-element elementor-element-fe9a135 e-con-full e-flex e-con e-child\" data-id=\"fe9a135\" data-element_type=\"container\">\n\t\t\t\t<div class=\"elementor-element elementor-element-70bb809 animated-slow elementor-invisible elementor-widget elementor-widget-heading\" data-id=\"70bb809\" data-element_type=\"widget\" data-settings=\"{&quot;_animation&quot;:&quot;slideInUp&quot;}\" data-widget_type=\"heading.default\">\n\t\t\t\t\t<h2 class=\"elementor-heading-title elementor-size-default\">C\u00edrculos de Comunidad: Conexi\u00f3n y Apoyo<\/h2>\t\t\t\t<\/div>\n\t\t\t\t<div class=\"elementor-element elementor-element-0ad52b8 elementor-widget elementor-widget-text-editor\" data-id=\"0ad52b8\" data-element_type=\"widget\" data-widget_type=\"text-editor.default\">\n\t\t\t\t\t\t\t\t\t<p class=\"p1\">Estos espacios sagrados fomentan la escucha activa, el compartir y el apoyo mutuo, creando lazos profundos en la comunidad.<\/p>\t\t\t\t\t\t\t\t<\/div>\n\t\t\t\t<div class=\"elementor-element elementor-element-9b49502 elementor-widget elementor-widget-text-editor\" data-id=\"9b49502\" data-element_type=\"widget\" data-widget_type=\"text-editor.default\">\n\t\t\t\t\t\t\t\t\t<ul><li class=\"p1\">C\u00edrculo Masculino: Un espacio seguro y confidencial donde los hombres pueden compartir experiencias, explorar su identidad, fortalecer su prop\u00f3sito y encontrar apoyo en un ambiente de hermandad.<\/li><li class=\"p1\">C\u00edrculo Femenino: Un santuario para que las mujeres conecten, compartan saberes ancestrales y modernos, celebren su feminidad, sanen y se empoderen mutuamente en sororidad.<\/li><li class=\"p1\">C\u00edrculo Infantil: Actividades l\u00fadicas y educativas dise\u00f1adas para que los ni\u00f1os exploren sus emociones, desarrollen habilidades sociales, despierten su creatividad y fortalezcan su autoestima en un ambiente de juego y respeto.<\/li><\/ul>\t\t\t\t\t\t\t\t<\/div>\n\t\t\t\t<\/div>\n\t\t\t\t\t<\/div>\n\t\t\t\t<\/div>\n\t\t\t\t<\/div>\n\t\t","protected":false},"excerpt":{"rendered":"<p>Nuestras Actividades Un Camino Diversificado hacia el Bienestar En El Santuario, la variedad y calidad de nuestras actividades aseguran que cada persona encuentre su camino para el crecimiento y el bienestar. Actividades Deportivas: Disciplina y Fuerza Estas disciplinas est\u00e1n dise\u00f1adas para desarrollar la condici\u00f3n f\u00edsica, la disciplina mental y la autodefensa, forjando car\u00e1cter y resistencia. [&hellip;]<\/p>\n","protected":false},"author":1,"featured_media":0,"parent":0,"menu_order":0,"comment_status":"closed","ping_status":"closed","template":"","meta":{"footnotes":""},"class_list":["post-195","page","type-page","status-publish","hentry"],"_links":{"self":[{"href":"https:\/\/elsantuariolosreyes.com\/index.php\/wp-json\/wp\/v2\/pages\/195","targetHints":{"allow":["GET"]}}],"collection":[{"href":"https:\/\/elsantuariolosreyes.com\/index.php\/wp-json\/wp\/v2\/pages"}],"about":[{"href":"https:\/\/elsantuariolosreyes.com\/index.php\/wp-json\/wp\/v2\/types\/page"}],"author":[{"embeddable":true,"href":"https:\/\/elsantuariolosreyes.com\/index.php\/wp-json\/wp\/v2\/users\/1"}],"replies":[{"embeddable":true,"href":"https:\/\/elsantuariolosreyes.com\/index.php\/wp-json\/wp\/v2\/comments?post=195"}],"version-history":[{"count":26,"href":"https:\/\/elsantuariolosreyes.com\/index.php\/wp-json\/wp\/v2\/pages\/195\/revisions"}],"predecessor-version":[{"id":466,"href":"https:\/\/elsantuariolosreyes.com\/index.php\/wp-json\/wp\/v2\/pages\/195\/revisions\/466"}],"wp:attachment":[{"href":"https:\/\/elsantuariolosreyes.com\/index.php\/wp-json\/wp\/v2\/media?parent=195"}],"curies":[{"name":"wp","href":"https:\/\/api.w.org\/{rel}","templated":true}]}}