{"id":165,"date":"2025-07-16T21:54:24","date_gmt":"2025-07-16T21:54:24","guid":{"rendered":"https:\/\/elsantuariolosreyes.com\/?page_id=165"},"modified":"2025-09-03T23:07:31","modified_gmt":"2025-09-03T23:07:31","slug":"terapias","status":"publish","type":"page","link":"https:\/\/elsantuariolosreyes.com\/index.php\/terapias\/","title":{"rendered":"Terapias y Crecimiento"},"content":{"rendered":"\t\t<div data-elementor-type=\"wp-page\" data-elementor-id=\"165\" class=\"elementor elementor-165\" data-elementor-post-type=\"page\">\n\t\t\t\t<div class=\"elementor-element elementor-element-3e94027f e-flex e-con-boxed e-con e-parent\" data-id=\"3e94027f\" data-element_type=\"container\" data-settings=\"{&quot;background_background&quot;:&quot;classic&quot;}\">\n\t\t\t\t\t<div class=\"e-con-inner\">\n\t\t\t\t<div class=\"elementor-element elementor-element-557676b2 elementor-widget elementor-widget-heading\" data-id=\"557676b2\" data-element_type=\"widget\" data-widget_type=\"heading.default\">\n\t\t\t\t\t<h2 class=\"elementor-heading-title elementor-size-default\">Terapias de Bienestar y Sanaci\u00f3n:<\/h2>\t\t\t\t<\/div>\n\t\t\t\t<div class=\"elementor-element elementor-element-9d0f197 animated-slow elementor-invisible elementor-widget elementor-widget-heading\" data-id=\"9d0f197\" data-element_type=\"widget\" data-settings=\"{&quot;_animation&quot;:&quot;slideInUp&quot;}\" data-widget_type=\"heading.default\">\n\t\t\t\t\t<h2 class=\"elementor-heading-title elementor-size-default\">Crecimiento<\/h2>\t\t\t\t<\/div>\n\t\t\t\t\t<\/div>\n\t\t\t\t<\/div>\n\t\t<div class=\"elementor-element elementor-element-2da25931 e-flex e-con-boxed e-con e-parent\" data-id=\"2da25931\" data-element_type=\"container\" data-settings=\"{&quot;background_background&quot;:&quot;classic&quot;}\">\n\t\t\t\t\t<div class=\"e-con-inner\">\n\t\t<div class=\"elementor-element elementor-element-4a07632b e-con-full e-flex e-con e-child\" data-id=\"4a07632b\" data-element_type=\"container\">\n\t\t\t\t<div class=\"elementor-element elementor-element-6d7e91a animated-slow elementor-invisible elementor-widget elementor-widget-heading\" data-id=\"6d7e91a\" data-element_type=\"widget\" data-settings=\"{&quot;_animation&quot;:&quot;slideInUp&quot;}\" data-widget_type=\"heading.default\">\n\t\t\t\t\t<h2 class=\"elementor-heading-title elementor-size-default\">Ofrecemos una gama de terapias individuales para abordar necesidades espec\u00edficas<\/h2>\t\t\t\t<\/div>\n\t\t\t\t<div class=\"elementor-element elementor-element-2931a89d animated-slow elementor-invisible elementor-widget elementor-widget-heading\" data-id=\"2931a89d\" data-element_type=\"widget\" data-settings=\"{&quot;_animation&quot;:&quot;slideInUp&quot;}\" data-widget_type=\"heading.default\">\n\t\t\t\t\t<h2 class=\"elementor-heading-title elementor-size-default\">promover la sanaci\u00f3n y el equilibrio a nivel f\u00edsico, emocional y energ\u00e9tico.<\/h2>\t\t\t\t<\/div>\n\t\t\t\t<div class=\"elementor-element elementor-element-ba5df23 elementor-widget elementor-widget-text-editor\" data-id=\"ba5df23\" data-element_type=\"widget\" data-widget_type=\"text-editor.default\">\n\t\t\t\t\t\t\t\t\t<ul><li>Asesor\u00edas M\u00e9dicas: Orientaci\u00f3n profesional en temas de salud, prevenci\u00f3n y cuidado general, brindando informaci\u00f3n clara y apoyo para tu bienestar f\u00edsico.<\/li><li>Asesor\u00edas Psicol\u00f3gicas: Espacios de escucha y acompa\u00f1amiento para explorar emociones, pensamientos y comportamientos, fomentando el equilibrio mental y emocional.<\/li><li>Asesor\u00edas Legales: Soporte y orientaci\u00f3n en diversas \u00e1reas del derecho, brindando claridad y soluciones a tus inquietudes legales.<\/li><li>Limpias Energ\u00e9ticas: Sesiones personalizadas para purificar y armonizar el campo energ\u00e9tico, liberando bloqueos y promoviendo la renovaci\u00f3n.<\/li><li>Medicina Tradicional China (Terapias): Diagn\u00f3stico y tratamiento basados en los principios de la MTC, incluyendo la aplicaci\u00f3n de ventosas, moxibusti\u00f3n y masajes Tui Na.<\/li><li>Tratamientos Herbolarios: Consultas y preparaci\u00f3n de remedios naturales personalizados a base de plantas para diversas afecciones y para el bienestar general.<\/li><li>Homeopat\u00eda: Terapia que utiliza dosis m\u00ednimas de sustancias naturales para estimular la capacidad de autocuraci\u00f3n del cuerpo.<\/li><li>Reiki: Sesiones individuales de sanaci\u00f3n energ\u00e9tica para reequilibrar el flujo de energ\u00eda, reducir el estr\u00e9s y promover la relajaci\u00f3n profunda.<\/li><li>Acupuntura: Aplicaci\u00f3n de finas agujas en puntos espec\u00edficos del cuerpo para equilibrar la energ\u00eda, aliviar el dolor y tratar diversas condiciones de salud.<\/li><li>Microdosis: Uso de extractos de plantas medicinales en dosis muy peque\u00f1as para un efecto terap\u00e9utico suave y continuo.<\/li><li>Biomagnetismo: Terapia que utiliza imanes para equilibrar el pH del cuerpo y restaurar el ambiente interno, favoreciendo la eliminaci\u00f3n de pat\u00f3genos y la sanaci\u00f3n.<\/li><li>Flores de Bach: Esencias florales que abordan desequilibrios emocionales y mentales, ayudando a transformar estados negativos en positivos.<\/li><li>Barras de Access: Una terapia energ\u00e9tica manual que involucra tocar 32 puntos en la cabeza para liberar pensamientos, ideas y creencias limitantes.<\/li><li>Registros Ak\u00e1shicos: Lecturas que acceden a la biblioteca de informaci\u00f3n del alma, ofreciendo claridad, gu\u00eda y sanaci\u00f3n sobre patrones de vida y prop\u00f3sito.<\/li><li>Numerolog\u00eda: Estudio de los n\u00fameros y su influencia en la vida de una persona, revelando talentos, desaf\u00edos y caminos de vida.<\/li><li>Carta Numerol\u00f3gica: An\u00e1lisis personalizado basado en tu fecha de nacimiento y nombre para desvelar tu prop\u00f3sito de vida, personalidad y ciclos futuros.<\/li><li>Reiki Ang\u00e9lical: Una modalidad de Reiki que trabaja con la energ\u00eda de los \u00e1ngeles para una sanaci\u00f3n profunda y una conexi\u00f3n espiritual.<\/li><li>Estimulaci\u00f3n Temprana: Actividades y ejercicios dise\u00f1ados para potenciar el desarrollo cognitivo, motor, social y emocional en beb\u00e9s y ni\u00f1os peque\u00f1os.<\/li><li>Terapia de Lenguaje: Intervenci\u00f3n especializada para ni\u00f1os y adultos con dificultades en el habla, el lenguaje y la comunicaci\u00f3n.<\/li><li>Masajes: Diversas t\u00e9cnicas de masaje terap\u00e9utico y relajante para aliviar tensiones musculares, mejorar la circulaci\u00f3n y promover el bienestar general.<\/li><li>Alineaci\u00f3n de Cadera y Columna: Terapias manuales enfocadas en corregir desalineaciones posturales, aliviar dolores y restaurar el equilibrio estructural del cuerpo.<\/li><li>Lectura de Tarot (Terapia): Sesiones de lectura de tarot personalizadas para obtener claridad, perspectiva y gu\u00eda en diferentes aspectos de la vida, promoviendo el autoconocimiento y la toma de decisiones.<\/li><\/ul>\t\t\t\t\t\t\t\t<\/div>\n\t\t\t\t<div class=\"elementor-element elementor-element-42c8b04 animated-slow elementor-invisible elementor-widget elementor-widget-heading\" data-id=\"42c8b04\" data-element_type=\"widget\" data-settings=\"{&quot;_animation&quot;:&quot;slideInUp&quot;}\" data-widget_type=\"heading.default\">\n\t\t\t\t\t<h2 class=\"elementor-heading-title elementor-size-default\">Descarga PDF con informaci\u00f3n<\/h2>\t\t\t\t<\/div>\n\t\t\t\t<div class=\"elementor-element elementor-element-7a5f600 elementor-widget elementor-widget-text-editor\" data-id=\"7a5f600\" data-element_type=\"widget\" data-widget_type=\"text-editor.default\">\n\t\t\t\t\t\t\t\t\t<p><a href=\"https:\/\/elsantuariolosreyes.com\/wp-content\/uploads\/2025\/08\/Actividades-Cursos-y-Talleres-del-Santuario.pdf\" target=\"_blank\" rel=\"noopener\">PDF Con oferta de servicios<\/a><\/p><p><a href=\"https:\/\/elsantuariolosreyes.com\/wp-content\/uploads\/2025\/08\/Santuario-del-Bienestar-Integral-3.pdf\" target=\"_blank\" rel=\"noopener\">PDF Presentaci\u00f3n<\/a><\/p>\t\t\t\t\t\t\t\t<\/div>\n\t\t\t\t<\/div>\n\t\t\t\t\t<\/div>\n\t\t\t\t<\/div>\n\t\t\t\t<\/div>\n\t\t","protected":false},"excerpt":{"rendered":"<p>Terapias de Bienestar y Sanaci\u00f3n: Crecimiento Ofrecemos una gama de terapias individuales para abordar necesidades espec\u00edficas promover la sanaci\u00f3n y el equilibrio a nivel f\u00edsico, emocional y energ\u00e9tico. Asesor\u00edas M\u00e9dicas: Orientaci\u00f3n profesional en temas de salud, prevenci\u00f3n y cuidado general, brindando informaci\u00f3n clara y apoyo para tu bienestar f\u00edsico. Asesor\u00edas Psicol\u00f3gicas: Espacios de escucha y [&hellip;]<\/p>\n","protected":false},"author":1,"featured_media":0,"parent":0,"menu_order":0,"comment_status":"closed","ping_status":"closed","template":"","meta":{"footnotes":""},"class_list":["post-165","page","type-page","status-publish","hentry"],"_links":{"self":[{"href":"https:\/\/elsantuariolosreyes.com\/index.php\/wp-json\/wp\/v2\/pages\/165","targetHints":{"allow":["GET"]}}],"collection":[{"href":"https:\/\/elsantuariolosreyes.com\/index.php\/wp-json\/wp\/v2\/pages"}],"about":[{"href":"https:\/\/elsantuariolosreyes.com\/index.php\/wp-json\/wp\/v2\/types\/page"}],"author":[{"embeddable":true,"href":"https:\/\/elsantuariolosreyes.com\/index.php\/wp-json\/wp\/v2\/users\/1"}],"replies":[{"embeddable":true,"href":"https:\/\/elsantuariolosreyes.com\/index.php\/wp-json\/wp\/v2\/comments?post=165"}],"version-history":[{"count":42,"href":"https:\/\/elsantuariolosreyes.com\/index.php\/wp-json\/wp\/v2\/pages\/165\/revisions"}],"predecessor-version":[{"id":469,"href":"https:\/\/elsantuariolosreyes.com\/index.php\/wp-json\/wp\/v2\/pages\/165\/revisions\/469"}],"wp:attachment":[{"href":"https:\/\/elsantuariolosreyes.com\/index.php\/wp-json\/wp\/v2\/media?parent=165"}],"curies":[{"name":"wp","href":"https:\/\/api.w.org\/{rel}","templated":true}]}}